{"id":5475,"date":"2021-10-01T13:01:38","date_gmt":"2021-10-01T13:01:38","guid":{"rendered":"https:\/\/the7.io\/business-advisors\/?page_id=5475"},"modified":"2025-12-01T18:03:00","modified_gmt":"2025-12-01T10:03:00","slug":"terms-conditions","status":"publish","type":"page","link":"https:\/\/hancarbon.com\/pt\/terms-conditions\/","title":{"rendered":"Termos e condi\u00e7\u00f5es"},"content":{"rendered":"<h1 class=\"wp-block-heading has-text-align-center has-background has-large-font-size\" style=\"background-color:#f6f6f6\">Termos e Condi\u00e7\u00f5es<\/h1>\n\n\n\n<p>Por favor, leia atentamente estes termos e condi\u00e7\u00f5es antes de usar o nosso servi\u00e7o.<\/p>\n\n\n\n<h2 class=\"wp-block-heading\">Interpreta\u00e7\u00e3o e Defini\u00e7\u00f5es<\/h2>\n\n\n\n<h3 class=\"wp-block-heading\">Interpreta\u00e7\u00e3o<\/h3>\n\n\n\n<p>As palavras cujas letras iniciais s\u00e3o mai\u00fasculas t\u00eam significados definidos nas seguintes condi\u00e7\u00f5es. As defini\u00e7\u00f5es a seguir ter\u00e3o o mesmo significado, independentemente de aparecerem no singular ou no plural.<\/p>\n\n\n\n<h3 class=\"wp-block-heading\">Defini\u00e7\u00f5es<\/h3>\n\n\n\n<p>Para efeitos destes Termos e Condi\u00e7\u00f5es:<\/p>\n\n\n\n<ul class=\"wp-block-list\">\n<li><strong>Afiliado<\/strong> Significa uma entidade que controla, \u00e9 controlada por, ou est\u00e1 sob controle comum com uma das partes, onde \u201ccontrole\u201d significa a propriedade de 50% ou mais das a\u00e7\u00f5es, participa\u00e7\u00e3o societ\u00e1ria ou outros t\u00edtulos com direito a voto para a elei\u00e7\u00e3o de diretores ou outra autoridade administrativa.<\/li>\n\n\n\n<li><strong>Pa\u00eds<\/strong> Refere-se a: China<\/li>\n\n\n\n<li><strong>Empresa<\/strong> (doravante designada como \u201ca Empresa\u201d, \u201cN\u00f3s\u201d, \u201cNos\u201d ou \u201cNosso\u201d neste Contrato) refere-se \u00e0 Hancarbon, Changxiang Industrial Area, Handan, Hebei, China, 056799.<\/li>\n\n\n\n<li><strong>Dispositivo<\/strong> Significa qualquer dispositivo que possa acessar o Servi\u00e7o, como um computador, um celular ou um tablet.<\/li>\n\n\n\n<li><strong>Servi\u00e7o<\/strong> Refere-se ao site.<\/li>\n\n\n\n<li><strong>Termos e Condi\u00e7\u00f5es<\/strong> (tamb\u00e9m denominados \u201cTermos\u201d) significa estes Termos e Condi\u00e7\u00f5es que constituem o acordo integral entre Voc\u00ea e a Empresa relativamente \u00e0 utiliza\u00e7\u00e3o do Servi\u00e7o.  <\/li>\n\n\n\n<li><strong>Servi\u00e7o de m\u00eddia social de terceiros<\/strong> Significa quaisquer servi\u00e7os ou conte\u00fado (incluindo dados, informa\u00e7\u00f5es, produtos ou servi\u00e7os) fornecidos por terceiros que possam ser exibidos, inclu\u00eddos ou disponibilizados pelo Servi\u00e7o.<\/li>\n\n\n\n<li><strong>Site<\/strong> refere-se a Hancarbon, acess\u00edvel a partir de <a href=\"https:\/\/hancarbon.com\/pt\/\" target=\"_blank\" rel=\"noreferrer noopener\">https:\/\/hancarbon.com\/<\/a><\/li>\n\n\n\n<li><strong>Voc\u00ea<\/strong> Significa o indiv\u00edduo que acessa ou utiliza o Servi\u00e7o, ou a empresa ou outra entidade legal em nome da qual esse indiv\u00edduo est\u00e1 acessando ou utilizando o Servi\u00e7o, conforme o caso.<\/li>\n<\/ul>\n\n\n\n<h2 class=\"wp-block-heading\">Reconhecimento<\/h2>\n\n\n\n<p>Estes s\u00e3o os Termos e Condi\u00e7\u00f5es que regem o uso deste Servi\u00e7o e o acordo que se estabelece entre Voc\u00ea e a Empresa. Estes Termos e Condi\u00e7\u00f5es definem os direitos e obriga\u00e7\u00f5es de todos os usu\u00e1rios em rela\u00e7\u00e3o ao uso do Servi\u00e7o.<\/p>\n\n\n\n<p>Seu acesso e uso do Servi\u00e7o est\u00e3o condicionados \u00e0 sua aceita\u00e7\u00e3o e conformidade com estes Termos e Condi\u00e7\u00f5es. Estes Termos e Condi\u00e7\u00f5es aplicam-se a todos os visitantes, usu\u00e1rios e demais pessoas que acessam ou utilizam o Servi\u00e7o.<\/p>\n\n\n\n<p>Ao acessar ou usar o Servi\u00e7o, voc\u00ea concorda em ficar vinculado a estes Termos e Condi\u00e7\u00f5es. Se voc\u00ea discordar de qualquer parte destes Termos e Condi\u00e7\u00f5es, n\u00e3o poder\u00e1 acessar o Servi\u00e7o.<\/p>\n\n\n\n<p>Voc\u00ea declara ter mais de 18 anos. A Empresa n\u00e3o permite que menores de 18 anos utilizem o Servi\u00e7o.<\/p>\n\n\n\n<p>Seu acesso e uso do Servi\u00e7o tamb\u00e9m est\u00e3o condicionados \u00e0 sua aceita\u00e7\u00e3o e conformidade com a Pol\u00edtica de Privacidade da Empresa. Nossa Pol\u00edtica de Privacidade descreve nossas pol\u00edticas e procedimentos relativos \u00e0 coleta, uso e divulga\u00e7\u00e3o de suas informa\u00e7\u00f5es pessoais quando voc\u00ea utiliza o Aplicativo ou o Site, e informa sobre seus direitos de privacidade e como a lei o protege. Leia atentamente nossa Pol\u00edtica de Privacidade antes de usar nosso Servi\u00e7o.<\/p>\n\n\n\n<h2 class=\"wp-block-heading\">Links para outros sites<\/h2>\n\n\n\n<p>Nosso Servi\u00e7o pode conter links para sites ou servi\u00e7os de terceiros que n\u00e3o s\u00e3o de propriedade ou controlados pela Empresa.<\/p>\n\n\n\n<p>A Empresa n\u00e3o tem controle sobre, e n\u00e3o assume qualquer responsabilidade pelo conte\u00fado, pol\u00edticas de privacidade ou pr\u00e1ticas de quaisquer sites ou servi\u00e7os de terceiros. Al\u00e9m disso, voc\u00ea reconhece e concorda que a Empresa n\u00e3o ser\u00e1 respons\u00e1vel, direta ou indiretamente, por quaisquer danos ou perdas causados ou alegadamente causados por, ou em conex\u00e3o com, o uso ou a confian\u00e7a em qualquer conte\u00fado, bens ou servi\u00e7os dispon\u00edveis em ou por meio de tais sites ou servi\u00e7os.<\/p>\n\n\n\n<p>Recomendamos vivamente que leia os termos e condi\u00e7\u00f5es e as pol\u00edticas de privacidade de quaisquer sites ou servi\u00e7os de terceiros que visite.<\/p>\n\n\n\n<h2 class=\"wp-block-heading\">Rescis\u00e3o<\/h2>\n\n\n\n<p>Podemos rescindir ou suspender seu acesso imediatamente, sem aviso pr\u00e9vio ou responsabilidade, por qualquer motivo, incluindo, entre outros, a viola\u00e7\u00e3o destes Termos e Condi\u00e7\u00f5es.<\/p>\n\n\n\n<p>Ap\u00f3s o t\u00e9rmino do contrato, seu direito de usar o Servi\u00e7o cessar\u00e1 imediatamente.<\/p>\n\n\n\n<h2 class=\"wp-block-heading\">Limita\u00e7\u00e3o de responsabilidade<\/h2>\n\n\n\n<p>Independentemente de quaisquer danos que voc\u00ea possa sofrer, a responsabilidade total da Empresa e de seus fornecedores, sob qualquer disposi\u00e7\u00e3o destes Termos, e sua \u00fanica solu\u00e7\u00e3o para tudo o que foi mencionado anteriormente, ser\u00e1 limitada ao valor efetivamente pago por voc\u00ea por meio do Servi\u00e7o ou a US$ 100, caso voc\u00ea n\u00e3o tenha adquirido nada por meio do Servi\u00e7o.<\/p>\n\n\n\n<p>Na m\u00e1xima extens\u00e3o permitida pela legisla\u00e7\u00e3o aplic\u00e1vel, em nenhum caso a Empresa ou seus fornecedores ser\u00e3o respons\u00e1veis por quaisquer danos especiais, incidentais, indiretos ou consequenciais (incluindo, entre outros, danos por perda de lucros, perda de dados ou outras informa\u00e7\u00f5es, interrup\u00e7\u00e3o de neg\u00f3cios, les\u00e3o corporal, perda de privacidade decorrente ou de qualquer forma relacionada ao uso ou \u00e0 impossibilidade de usar o Servi\u00e7o, software de terceiros e\/ou hardware de terceiros usados com o Servi\u00e7o, ou de outra forma em conex\u00e3o com qualquer disposi\u00e7\u00e3o destes Termos), mesmo que a Empresa ou qualquer fornecedor tenha sido avisado da possibilidade de tais danos e mesmo que a solu\u00e7\u00e3o falhe em seu prop\u00f3sito essencial.<\/p>\n\n\n\n<p>Alguns estados n\u00e3o permitem a exclus\u00e3o de garantias impl\u00edcitas ou a limita\u00e7\u00e3o de responsabilidade por danos incidentais ou consequenciais, o que significa que algumas das limita\u00e7\u00f5es acima podem n\u00e3o se aplicar. Nesses estados, a responsabilidade de cada parte ser\u00e1 limitada ao m\u00e1ximo permitido por lei.<\/p>\n\n\n\n<h2 class=\"wp-block-heading\">Aviso de isen\u00e7\u00e3o de responsabilidade &quot;NO ESTADO EM QUE SE ENCONTRA&quot; e &quot;CONFORME DISPON\u00cdVEL&quot;<\/h2>\n\n\n\n<p>O Servi\u00e7o \u00e9 fornecido a Voc\u00ea &quot;NO ESTADO EM QUE SE ENCONTRA&quot; e &quot;CONFORME DISPON\u00cdVEL&quot;, com todas as suas falhas e defeitos, sem qualquer garantia. Na m\u00e1xima extens\u00e3o permitida pela legisla\u00e7\u00e3o aplic\u00e1vel, a Empresa, em seu pr\u00f3prio nome e em nome de suas Afiliadas e de seus respectivos licenciadores e prestadores de servi\u00e7os, expressamente se exime de todas as garantias, sejam elas expressas, impl\u00edcitas, legais ou de outra natureza, com rela\u00e7\u00e3o ao Servi\u00e7o, incluindo todas as garantias impl\u00edcitas de comercializa\u00e7\u00e3o, adequa\u00e7\u00e3o a uma finalidade espec\u00edfica, titularidade e n\u00e3o viola\u00e7\u00e3o, bem como garantias que possam surgir do curso normal dos neg\u00f3cios, do desempenho, do uso ou da pr\u00e1tica comercial. Sem preju\u00edzo do disposto acima, a Empresa n\u00e3o oferece qualquer garantia ou compromisso, nem faz qualquer declara\u00e7\u00e3o de que o Servi\u00e7o atender\u00e1 \u00e0s suas necessidades, alcan\u00e7ar\u00e1 os resultados pretendidos, ser\u00e1 compat\u00edvel ou funcionar\u00e1 com qualquer outro software, aplicativo, sistema ou servi\u00e7o, operar\u00e1 sem interrup\u00e7\u00f5es, atender\u00e1 a quaisquer padr\u00f5es de desempenho ou confiabilidade ou estar\u00e1 livre de erros, ou que quaisquer erros ou defeitos poder\u00e3o ou ser\u00e3o corrigidos.<\/p>\n\n\n\n<p>Sem preju\u00edzo do disposto anteriormente, nem a Empresa nem qualquer um dos seus fornecedores oferece qualquer declara\u00e7\u00e3o ou garantia de qualquer tipo, expressa ou impl\u00edcita: (i) quanto \u00e0 opera\u00e7\u00e3o ou disponibilidade do Servi\u00e7o, ou das informa\u00e7\u00f5es, conte\u00fado e materiais ou produtos inclu\u00eddos nele; (ii) de que o Servi\u00e7o ser\u00e1 ininterrupto ou livre de erros; (iii) quanto \u00e0 precis\u00e3o, confiabilidade ou atualidade de qualquer informa\u00e7\u00e3o ou conte\u00fado fornecido atrav\u00e9s do Servi\u00e7o; ou (iv) de que o Servi\u00e7o, seus servidores, o conte\u00fado ou e-mails enviados pela ou em nome da Empresa estejam livres de v\u00edrus, scripts, cavalos de Troia, worms, malware, bombas-rel\u00f3gio ou outros componentes nocivos.<\/p>\n\n\n\n<p>Algumas jurisdi\u00e7\u00f5es n\u00e3o permitem a exclus\u00e3o de certos tipos de garantias ou limita\u00e7\u00f5es aos direitos legais aplic\u00e1veis ao consumidor, portanto, algumas ou todas as exclus\u00f5es e limita\u00e7\u00f5es acima podem n\u00e3o se aplicar a voc\u00ea. Mas, nesse caso, as exclus\u00f5es e limita\u00e7\u00f5es estabelecidas nesta se\u00e7\u00e3o ser\u00e3o aplicadas na m\u00e1xima extens\u00e3o permitida pela legisla\u00e7\u00e3o aplic\u00e1vel.<\/p>\n\n\n\n<h2 class=\"wp-block-heading\">Lei aplic\u00e1vel<\/h2>\n\n\n\n<p>As leis do pa\u00eds, excluindo suas normas de conflito de leis, reger\u00e3o estes Termos e o seu uso do Servi\u00e7o. O seu uso do Aplicativo tamb\u00e9m pode estar sujeito a outras leis locais, estaduais, nacionais ou internacionais.<\/p>\n\n\n\n<h2 class=\"wp-block-heading\">Resolu\u00e7\u00e3o de Conflitos<\/h2>\n\n\n\n<p>Caso tenha alguma d\u00favida ou reclama\u00e7\u00e3o sobre o Servi\u00e7o, voc\u00ea concorda em primeiro tentar resolver a quest\u00e3o informalmente, entrando em contato com a Empresa.<\/p>\n\n\n\n<h2 class=\"wp-block-heading\">Para usu\u00e1rios da Uni\u00e3o Europeia (UE)<\/h2>\n\n\n\n<p>Se voc\u00ea for um consumidor da Uni\u00e3o Europeia, beneficiar\u00e1 de quaisquer disposi\u00e7\u00f5es obrigat\u00f3rias da lei do pa\u00eds em que reside.<\/p>\n\n\n\n<h2 class=\"wp-block-heading\">Conformidade legal nos Estados Unidos<\/h2>\n\n\n\n<p>Voc\u00ea declara e garante que (i) voc\u00ea n\u00e3o est\u00e1 localizado em um pa\u00eds que est\u00e1 sujeito ao embargo do governo dos Estados Unidos ou que foi designado pelo governo dos Estados Unidos como um pa\u00eds que apoia o terrorismo e (ii) voc\u00ea n\u00e3o est\u00e1 listado em nenhuma lista do governo dos Estados Unidos de partes proibidas ou restritas.<\/p>\n\n\n\n<h2 class=\"wp-block-heading\">Divisibilidade e Ren\u00fancia<\/h2>\n\n\n\n<h3 class=\"wp-block-heading\">Divisibilidade<\/h3>\n\n\n\n<p>Caso alguma disposi\u00e7\u00e3o destes Termos seja considerada inexequ\u00edvel ou inv\u00e1lida, tal disposi\u00e7\u00e3o ser\u00e1 alterada e interpretada de forma a atingir os seus objetivos na maior medida poss\u00edvel, de acordo com a legisla\u00e7\u00e3o aplic\u00e1vel, e as demais disposi\u00e7\u00f5es permanecer\u00e3o em pleno vigor e efeito.<\/p>\n\n\n\n<h3 class=\"wp-block-heading\">Ren\u00fancia<\/h3>\n\n\n\n<p>Salvo disposi\u00e7\u00e3o em contr\u00e1rio neste documento, a omiss\u00e3o no exerc\u00edcio de um direito ou na exig\u00eancia do cumprimento de uma obriga\u00e7\u00e3o nos termos deste Contrato n\u00e3o afetar\u00e1 a capacidade de uma das partes de exercer tal direito ou exigir tal cumprimento posteriormente, nem a ren\u00fancia a uma viola\u00e7\u00e3o constituir\u00e1 ren\u00fancia a qualquer viola\u00e7\u00e3o subsequente.<\/p>\n\n\n\n<h2 class=\"wp-block-heading\">Tradu\u00e7\u00e3o e Interpreta\u00e7\u00e3o<\/h2>\n\n\n\n<p>Estes Termos e Condi\u00e7\u00f5es podem ter sido traduzidos caso os tenhamos disponibilizado a Voc\u00ea em nosso Servi\u00e7o. Voc\u00ea concorda que o texto original em ingl\u00eas prevalecer\u00e1 em caso de lit\u00edgio.<\/p>\n\n\n\n<h2 class=\"wp-block-heading\">Altera\u00e7\u00f5es a estes Termos e Condi\u00e7\u00f5es<\/h2>\n\n\n\n<p>Reservamo-nos o direito, a nosso exclusivo crit\u00e9rio, de modificar ou substituir estes Termos a qualquer momento. Caso uma revis\u00e3o seja substancial, envidaremos esfor\u00e7os razo\u00e1veis para fornecer um aviso pr\u00e9vio de pelo menos 30 dias antes da entrada em vigor dos novos termos. O que constitui uma altera\u00e7\u00e3o substancial ser\u00e1 determinado a nosso exclusivo crit\u00e9rio.<\/p>\n\n\n\n<p>Ao continuar a acessar ou usar nosso Servi\u00e7o ap\u00f3s a entrada em vigor dessas revis\u00f5es, voc\u00ea concorda em ficar vinculado aos termos revisados. Caso n\u00e3o concorde com os novos termos, no todo ou em parte, interrompa o uso do site e do Servi\u00e7o.<\/p>\n\n\n\n<h2 class=\"wp-block-heading\">Contate-nos<\/h2>\n\n\n\n<p>Caso tenha alguma d\u00favida sobre estes Termos e Condi\u00e7\u00f5es, entre em contato conosco:<\/p>\n\n\n\n<ul class=\"wp-block-list\">\n<li>Ao visitar esta p\u00e1gina em nosso site: <a href=\"https:\/\/hancarbon.com\/pt\/contact\/\" target=\"_blank\" rel=\"noreferrer noopener\">https:\/\/hancarbon.com\/contact\/<\/a><\/li>\n<\/ul>","protected":false},"excerpt":{"rendered":"<p>Terms and Conditions Please read these terms and conditions carefully before using Our Service. Interpretation and Definitions Interpretation The words whose initial letters are capitalized have meanings defined under the following conditions. The following definitions shall have the same meaning regardless of whether they appear in singular or in plural. Definitions For the purposes of&hellip;<\/p>","protected":false},"author":1,"featured_media":0,"parent":0,"menu_order":40,"comment_status":"closed","ping_status":"closed","template":"","meta":{"footnotes":""},"class_list":["post-5475","page","type-page","status-publish","hentry","description-off"],"yoast_head":"<!-- This site is optimized with the Yoast SEO plugin v27.2 - https:\/\/yoast.com\/product\/yoast-seo-wordpress\/ -->\n<title>UHP HP Graphite Electrodes Manufacturer | Hancarbon<\/title>\n<meta name=\"description\" content=\"Are you looking for best graphite electrodes factory? We are the reliable partner manufacturer.\" \/>\n<meta name=\"robots\" content=\"index, follow, max-snippet:-1, max-image-preview:large, max-video-preview:-1\" \/>\n<link rel=\"canonical\" href=\"https:\/\/hancarbon.com\/pt\/terms-conditions\/\" \/>\n<meta property=\"og:locale\" content=\"pt_BR\" \/>\n<meta property=\"og:type\" content=\"article\" \/>\n<meta property=\"og:title\" content=\"UHP HP Graphite Electrodes Manufacturer | Hancarbon\" \/>\n<meta property=\"og:description\" content=\"Are you looking for best graphite electrodes factory? We are the reliable partner manufacturer.\" \/>\n<meta property=\"og:url\" content=\"https:\/\/hancarbon.com\/pt\/terms-conditions\/\" \/>\n<meta property=\"og:site_name\" content=\"Hancarbon\" \/>\n<meta property=\"article:modified_time\" content=\"2025-12-01T10:03:00+00:00\" \/>\n<meta name=\"twitter:card\" content=\"summary_large_image\" \/>\n<meta name=\"twitter:label1\" content=\"Est. tempo de leitura\" \/>\n\t<meta name=\"twitter:data1\" content=\"8 minutos\" \/>\n<script type=\"application\/ld+json\" class=\"yoast-schema-graph\">{\"@context\":\"https:\/\/schema.org\",\"@graph\":[{\"@type\":\"WebPage\",\"@id\":\"https:\/\/hancarbon.com\/terms-conditions\/\",\"url\":\"https:\/\/hancarbon.com\/terms-conditions\/\",\"name\":\"UHP HP Graphite Electrodes Manufacturer | Hancarbon\",\"isPartOf\":{\"@id\":\"https:\/\/hancarbon.com\/#website\"},\"datePublished\":\"2021-10-01T13:01:38+00:00\",\"dateModified\":\"2025-12-01T10:03:00+00:00\",\"description\":\"Are you looking for best graphite electrodes factory? We are the reliable partner manufacturer.\",\"breadcrumb\":{\"@id\":\"https:\/\/hancarbon.com\/terms-conditions\/#breadcrumb\"},\"inLanguage\":\"pt-BR\",\"potentialAction\":[{\"@type\":\"ReadAction\",\"target\":[\"https:\/\/hancarbon.com\/terms-conditions\/\"]}]},{\"@type\":\"BreadcrumbList\",\"@id\":\"https:\/\/hancarbon.com\/terms-conditions\/#breadcrumb\",\"itemListElement\":[{\"@type\":\"ListItem\",\"position\":1,\"name\":\"Home\",\"item\":\"https:\/\/hancarbon.com\/\"},{\"@type\":\"ListItem\",\"position\":2,\"name\":\"Terms &#038; conditions\"}]},{\"@type\":\"WebSite\",\"@id\":\"https:\/\/hancarbon.com\/#website\",\"url\":\"https:\/\/hancarbon.com\/\",\"name\":\"Hancarbon\",\"description\":\"\",\"publisher\":{\"@id\":\"https:\/\/hancarbon.com\/#organization\"},\"potentialAction\":[{\"@type\":\"SearchAction\",\"target\":{\"@type\":\"EntryPoint\",\"urlTemplate\":\"https:\/\/hancarbon.com\/?s={search_term_string}\"},\"query-input\":{\"@type\":\"PropertyValueSpecification\",\"valueRequired\":true,\"valueName\":\"search_term_string\"}}],\"inLanguage\":\"pt-BR\"},{\"@type\":\"Organization\",\"@id\":\"https:\/\/hancarbon.com\/#organization\",\"name\":\"Hancarbon\",\"url\":\"https:\/\/hancarbon.com\/\",\"logo\":{\"@type\":\"ImageObject\",\"inLanguage\":\"pt-BR\",\"@id\":\"https:\/\/hancarbon.com\/#\/schema\/logo\/image\/\",\"url\":\"https:\/\/hancarbon.com\/wp-content\/uploads\/2024\/10\/1-1.png\",\"contentUrl\":\"https:\/\/hancarbon.com\/wp-content\/uploads\/2024\/10\/1-1.png\",\"width\":300,\"height\":73,\"caption\":\"Hancarbon\"},\"image\":{\"@id\":\"https:\/\/hancarbon.com\/#\/schema\/logo\/image\/\"}}]}<\/script>\n<!-- \/ Yoast SEO plugin. -->","yoast_head_json":{"title":"UHP HP Graphite Electrodes Manufacturer | Hancarbon","description":"Are you looking for best graphite electrodes factory? We are the reliable partner manufacturer.","robots":{"index":"index","follow":"follow","max-snippet":"max-snippet:-1","max-image-preview":"max-image-preview:large","max-video-preview":"max-video-preview:-1"},"canonical":"https:\/\/hancarbon.com\/pt\/terms-conditions\/","og_locale":"pt_BR","og_type":"article","og_title":"UHP HP Graphite Electrodes Manufacturer | Hancarbon","og_description":"Are you looking for best graphite electrodes factory? We are the reliable partner manufacturer.","og_url":"https:\/\/hancarbon.com\/pt\/terms-conditions\/","og_site_name":"Hancarbon","article_modified_time":"2025-12-01T10:03:00+00:00","twitter_card":"summary_large_image","twitter_misc":{"Est. tempo de leitura":"8 minutos"},"schema":{"@context":"https:\/\/schema.org","@graph":[{"@type":"WebPage","@id":"https:\/\/hancarbon.com\/terms-conditions\/","url":"https:\/\/hancarbon.com\/terms-conditions\/","name":"UHP HP Graphite Electrodes Manufacturer | Hancarbon","isPartOf":{"@id":"https:\/\/hancarbon.com\/#website"},"datePublished":"2021-10-01T13:01:38+00:00","dateModified":"2025-12-01T10:03:00+00:00","description":"Are you looking for best graphite electrodes factory? We are the reliable partner manufacturer.","breadcrumb":{"@id":"https:\/\/hancarbon.com\/terms-conditions\/#breadcrumb"},"inLanguage":"pt-BR","potentialAction":[{"@type":"ReadAction","target":["https:\/\/hancarbon.com\/terms-conditions\/"]}]},{"@type":"BreadcrumbList","@id":"https:\/\/hancarbon.com\/terms-conditions\/#breadcrumb","itemListElement":[{"@type":"ListItem","position":1,"name":"Home","item":"https:\/\/hancarbon.com\/"},{"@type":"ListItem","position":2,"name":"Terms &#038; conditions"}]},{"@type":"WebSite","@id":"https:\/\/hancarbon.com\/#website","url":"https:\/\/hancarbon.com\/","name":"Hancarbon","description":"","publisher":{"@id":"https:\/\/hancarbon.com\/#organization"},"potentialAction":[{"@type":"SearchAction","target":{"@type":"EntryPoint","urlTemplate":"https:\/\/hancarbon.com\/?s={search_term_string}"},"query-input":{"@type":"PropertyValueSpecification","valueRequired":true,"valueName":"search_term_string"}}],"inLanguage":"pt-BR"},{"@type":"Organization","@id":"https:\/\/hancarbon.com\/#organization","name":"Hancarbon","url":"https:\/\/hancarbon.com\/","logo":{"@type":"ImageObject","inLanguage":"pt-BR","@id":"https:\/\/hancarbon.com\/#\/schema\/logo\/image\/","url":"https:\/\/hancarbon.com\/wp-content\/uploads\/2024\/10\/1-1.png","contentUrl":"https:\/\/hancarbon.com\/wp-content\/uploads\/2024\/10\/1-1.png","width":300,"height":73,"caption":"Hancarbon"},"image":{"@id":"https:\/\/hancarbon.com\/#\/schema\/logo\/image\/"}}]}},"_links":{"self":[{"href":"https:\/\/hancarbon.com\/pt\/wp-json\/wp\/v2\/pages\/5475","targetHints":{"allow":["GET"]}}],"collection":[{"href":"https:\/\/hancarbon.com\/pt\/wp-json\/wp\/v2\/pages"}],"about":[{"href":"https:\/\/hancarbon.com\/pt\/wp-json\/wp\/v2\/types\/page"}],"author":[{"embeddable":true,"href":"https:\/\/hancarbon.com\/pt\/wp-json\/wp\/v2\/users\/1"}],"replies":[{"embeddable":true,"href":"https:\/\/hancarbon.com\/pt\/wp-json\/wp\/v2\/comments?post=5475"}],"version-history":[{"count":7,"href":"https:\/\/hancarbon.com\/pt\/wp-json\/wp\/v2\/pages\/5475\/revisions"}],"predecessor-version":[{"id":12448,"href":"https:\/\/hancarbon.com\/pt\/wp-json\/wp\/v2\/pages\/5475\/revisions\/12448"}],"wp:attachment":[{"href":"https:\/\/hancarbon.com\/pt\/wp-json\/wp\/v2\/media?parent=5475"}],"curies":[{"name":"wp","href":"https:\/\/api.w.org\/{rel}","templated":true}]}}