{"id":5475,"date":"2021-10-01T13:01:38","date_gmt":"2021-10-01T13:01:38","guid":{"rendered":"https:\/\/the7.io\/business-advisors\/?page_id=5475"},"modified":"2025-12-01T18:03:00","modified_gmt":"2025-12-01T10:03:00","slug":"terms-conditions","status":"publish","type":"page","link":"https:\/\/hancarbon.com\/es\/terms-conditions\/","title":{"rendered":"T\u00e9rminos y condiciones"},"content":{"rendered":"<h1 class=\"wp-block-heading has-text-align-center has-background has-large-font-size\" style=\"background-color:#f6f6f6\">T\u00e9rminos y condiciones<\/h1>\n\n\n\n<p>Lea atentamente estos t\u00e9rminos y condiciones antes de utilizar nuestro servicio.<\/p>\n\n\n\n<h2 class=\"wp-block-heading\">Interpretaci\u00f3n y definiciones<\/h2>\n\n\n\n<h3 class=\"wp-block-heading\">Interpretaci\u00f3n<\/h3>\n\n\n\n<p>Las palabras cuyas letras iniciales est\u00e1n en may\u00fascula tienen significados definidos bajo las siguientes condiciones. Las siguientes definiciones tendr\u00e1n el mismo significado, independientemente de si aparecen en singular o en plural.<\/p>\n\n\n\n<h3 class=\"wp-block-heading\">Definiciones<\/h3>\n\n\n\n<p>A los efectos de estos T\u00e9rminos y Condiciones:<\/p>\n\n\n\n<ul class=\"wp-block-list\">\n<li><strong>Filial<\/strong> significa una entidad que controla, es controlada por, o est\u00e1 bajo control com\u00fan con una parte, donde \u201ccontrol\u201d significa la propiedad de 50% o m\u00e1s de las acciones, participaci\u00f3n en el capital u otros valores con derecho a voto para la elecci\u00f3n de directores u otra autoridad administrativa.<\/li>\n\n\n\n<li><strong>Pa\u00eds<\/strong> Se refiere a: China<\/li>\n\n\n\n<li><strong>Compa\u00f1\u00eda<\/strong> (denominada en este Acuerdo como \u201cla Compa\u00f1\u00eda\u201d, \u201cNosotros\u201d o \u201cNuestro\u201d) se refiere a Hancarbon, Changxiang Industrial Area, Handan, Hebei, China, 056799.<\/li>\n\n\n\n<li><strong>Dispositivo<\/strong> significa cualquier dispositivo que pueda acceder al Servicio, como una computadora, un tel\u00e9fono celular o una tableta digital.<\/li>\n\n\n\n<li><strong>Servicio<\/strong> Se refiere al sitio web.<\/li>\n\n\n\n<li><strong>T\u00e9rminos y condiciones<\/strong> (tambi\u00e9n denominados \u201cT\u00e9rminos\u201d) se refieren a estos T\u00e9rminos y Condiciones que forman el acuerdo completo entre Usted y la Compa\u00f1\u00eda con respecto al uso del Servicio.  <\/li>\n\n\n\n<li><strong>Servicio de redes sociales de terceros<\/strong> significa cualquier servicio o contenido (incluidos datos, informaci\u00f3n, productos o servicios) proporcionado por un tercero que pueda ser mostrado, incluido o puesto a disposici\u00f3n por el Servicio.<\/li>\n\n\n\n<li><strong>Sitio web<\/strong> se refiere a Hancarbon, accesible desde <a href=\"https:\/\/hancarbon.com\/es\/\" target=\"_blank\" rel=\"noreferrer noopener\">https:\/\/hancarbon.com\/<\/a><\/li>\n\n\n\n<li><strong>T\u00fa<\/strong> significa la persona que accede o utiliza el Servicio, o la empresa u otra entidad legal en nombre de la cual dicha persona accede o utiliza el Servicio, seg\u00fan corresponda.<\/li>\n<\/ul>\n\n\n\n<h2 class=\"wp-block-heading\">Reconocimiento<\/h2>\n\n\n\n<p>Estos son los T\u00e9rminos y Condiciones que rigen el uso de este Servicio y el acuerdo que existe entre usted y la Compa\u00f1\u00eda. Estos T\u00e9rminos y Condiciones establecen los derechos y obligaciones de todos los usuarios con respecto al uso del Servicio.<\/p>\n\n\n\n<p>Su acceso y uso del Servicio est\u00e1n condicionados a su aceptaci\u00f3n y cumplimiento de estos T\u00e9rminos y Condiciones. Estos T\u00e9rminos y Condiciones se aplican a todos los visitantes, usuarios y dem\u00e1s personas que accedan o utilicen el Servicio.<\/p>\n\n\n\n<p>Al acceder o utilizar el Servicio, usted acepta estar sujeto a estos T\u00e9rminos y Condiciones. Si no est\u00e1 de acuerdo con alguna parte de estos T\u00e9rminos y Condiciones, no podr\u00e1 acceder al Servicio.<\/p>\n\n\n\n<p>Usted declara ser mayor de 18 a\u00f1os. La Compa\u00f1\u00eda no permite que los menores de 18 a\u00f1os utilicen el Servicio.<\/p>\n\n\n\n<p>Su acceso y uso del Servicio tambi\u00e9n est\u00e1n condicionados a su aceptaci\u00f3n y cumplimiento de la Pol\u00edtica de Privacidad de la Compa\u00f1\u00eda. Nuestra Pol\u00edtica de Privacidad describe nuestras pol\u00edticas y procedimientos sobre la recopilaci\u00f3n, el uso y la divulgaci\u00f3n de su informaci\u00f3n personal cuando utiliza la Aplicaci\u00f3n o el Sitio Web, y le informa sobre sus derechos de privacidad y c\u00f3mo la ley lo protege. Lea atentamente nuestra Pol\u00edtica de Privacidad antes de utilizar nuestro Servicio.<\/p>\n\n\n\n<h2 class=\"wp-block-heading\">Enlaces a otros sitios web<\/h2>\n\n\n\n<p>Nuestro Servicio puede contener enlaces a sitios web o servicios de terceros que no son propiedad de la Compa\u00f1\u00eda ni est\u00e1n controlados por ella.<\/p>\n\n\n\n<p>La Compa\u00f1\u00eda no tiene control ni asume responsabilidad alguna sobre el contenido, las pol\u00edticas de privacidad o las pr\u00e1cticas de sitios web o servicios de terceros. Asimismo, usted reconoce y acepta que la Compa\u00f1\u00eda no ser\u00e1 responsable, ni directa ni indirectamente, de ning\u00fan da\u00f1o o p\u00e9rdida causados o supuestamente causados por o en relaci\u00f3n con el uso o la confianza depositada en dicho contenido, bienes o servicios disponibles en o a trav\u00e9s de dichos sitios web o servicios.<\/p>\n\n\n\n<p>Le recomendamos encarecidamente que lea los t\u00e9rminos y condiciones y las pol\u00edticas de privacidad de cualquier sitio web o servicio de terceros que visite.<\/p>\n\n\n\n<h2 class=\"wp-block-heading\">Terminaci\u00f3n<\/h2>\n\n\n\n<p>Podemos rescindir o suspender su acceso de inmediato, sin previo aviso ni responsabilidad alguna, por cualquier motivo, incluyendo, entre otros, el incumplimiento de estos T\u00e9rminos y Condiciones.<\/p>\n\n\n\n<p>Tras la rescisi\u00f3n, su derecho a utilizar el Servicio cesar\u00e1 de inmediato.<\/p>\n\n\n\n<h2 class=\"wp-block-heading\">Limitaci\u00f3n de responsabilidad<\/h2>\n\n\n\n<p>Sin perjuicio de los da\u00f1os que usted pueda sufrir, la responsabilidad total de la Compa\u00f1\u00eda y de cualquiera de sus proveedores en virtud de cualquier disposici\u00f3n de estos T\u00e9rminos y su \u00fanico recurso para todo lo anterior se limitar\u00e1 al importe realmente pagado por usted a trav\u00e9s del Servicio o a 100 USD si no ha comprado nada a trav\u00e9s del Servicio.<\/p>\n\n\n\n<p>En la m\u00e1xima medida permitida por la ley aplicable, en ning\u00fan caso la Compa\u00f1\u00eda o sus proveedores ser\u00e1n responsables por da\u00f1os especiales, incidentales, indirectos o consecuenciales de cualquier tipo (incluidos, pero no limitados a, da\u00f1os por p\u00e9rdida de ganancias, p\u00e9rdida de datos u otra informaci\u00f3n, por interrupci\u00f3n del negocio, por lesiones personales, p\u00e9rdida de privacidad que surjan de o est\u00e9n relacionados de alguna manera con el uso o la imposibilidad de usar el Servicio, el software de terceros y\/o el hardware de terceros utilizados con el Servicio, o de cualquier otra manera en relaci\u00f3n con cualquier disposici\u00f3n de estos T\u00e9rminos), incluso si la Compa\u00f1\u00eda o cualquier proveedor ha sido informado de la posibilidad de tales da\u00f1os e incluso si el remedio no cumple su prop\u00f3sito esencial.<\/p>\n\n\n\n<p>Algunos estados no permiten la exclusi\u00f3n de garant\u00edas impl\u00edcitas ni la limitaci\u00f3n de responsabilidad por da\u00f1os incidentales o consecuenciales, lo que significa que algunas de las limitaciones anteriores podr\u00edan no aplicarse. En estos estados, la responsabilidad de cada parte se limitar\u00e1 al m\u00e1ximo permitido por la ley.<\/p>\n\n\n\n<h2 class=\"wp-block-heading\">Descargo de responsabilidad \u201cTAL CUAL\u201d y \u201cSEG\u00daN DISPONIBILIDAD\u201d<\/h2>\n\n\n\n<p>El Servicio se le proporciona &quot;TAL CUAL&quot; y &quot;SEG\u00daN DISPONIBILIDAD&quot; y con todos sus fallos y defectos, sin garant\u00eda de ning\u00fan tipo. En la m\u00e1xima medida permitida por la ley aplicable, la Compa\u00f1\u00eda, en su propio nombre y en nombre de sus Afiliadas y sus respectivos licenciantes y proveedores de servicios, renuncia expresamente a todas las garant\u00edas, ya sean expresas, impl\u00edcitas, legales o de otro tipo, con respecto al Servicio, incluidas todas las garant\u00edas impl\u00edcitas de comerciabilidad, idoneidad para un prop\u00f3sito particular, titularidad y no infracci\u00f3n, y las garant\u00edas que puedan surgir del curso de las negociaciones, el curso de la ejecuci\u00f3n, el uso o la pr\u00e1ctica comercial. Sin limitar lo anterior, la Compa\u00f1\u00eda no ofrece ninguna garant\u00eda ni compromiso, ni realiza ninguna declaraci\u00f3n de ning\u00fan tipo de que el Servicio cumplir\u00e1 con sus requisitos, lograr\u00e1 los resultados previstos, ser\u00e1 compatible o funcionar\u00e1 con cualquier otro software, aplicaci\u00f3n, sistema o servicio, funcionar\u00e1 sin interrupciones, cumplir\u00e1 con los est\u00e1ndares de rendimiento o confiabilidad o estar\u00e1 libre de errores, o que cualquier error o defecto puede o ser\u00e1 corregido.<\/p>\n\n\n\n<p>Sin limitar lo anterior, ni la Compa\u00f1\u00eda ni ninguno de sus proveedores hacen ninguna declaraci\u00f3n ni garant\u00eda de ning\u00fan tipo, expresa o impl\u00edcita: (i) en cuanto al funcionamiento o disponibilidad del Servicio, o la informaci\u00f3n, el contenido y los materiales o productos incluidos en \u00e9l; (ii) que el Servicio ser\u00e1 ininterrumpido o estar\u00e1 libre de errores; (iii) en cuanto a la exactitud, confiabilidad o actualidad de cualquier informaci\u00f3n o contenido proporcionado a trav\u00e9s del Servicio; o (iv) que el Servicio, sus servidores, el contenido o los correos electr\u00f3nicos enviados desde o en nombre de la Compa\u00f1\u00eda est\u00e1n libres de virus, scripts, troyanos, gusanos, malware, bombas l\u00f3gicas u otros componentes da\u00f1inos.<\/p>\n\n\n\n<p>Algunas jurisdicciones no permiten la exclusi\u00f3n de ciertos tipos de garant\u00edas ni las limitaciones a los derechos legales aplicables al consumidor, por lo que algunas o todas las exclusiones y limitaciones anteriores podr\u00edan no aplicarse a usted. En tal caso, las exclusiones y limitaciones establecidas en esta secci\u00f3n se aplicar\u00e1n en la mayor medida permitida por la ley aplicable.<\/p>\n\n\n\n<h2 class=\"wp-block-heading\">Ley aplicable<\/h2>\n\n\n\n<p>Las leyes del pa\u00eds, excluyendo sus normas sobre conflicto de leyes, regir\u00e1n estos T\u00e9rminos y su uso del Servicio. Su uso de la Aplicaci\u00f3n tambi\u00e9n puede estar sujeto a otras leyes locales, estatales, nacionales o internacionales.<\/p>\n\n\n\n<h2 class=\"wp-block-heading\">Resoluci\u00f3n de disputas<\/h2>\n\n\n\n<p>Si tiene alguna inquietud o disputa relacionada con el Servicio, acepta intentar primero resolverla de manera informal poni\u00e9ndose en contacto con la Compa\u00f1\u00eda.<\/p>\n\n\n\n<h2 class=\"wp-block-heading\">Para usuarios de la Uni\u00f3n Europea (UE)<\/h2>\n\n\n\n<p>Si usted es un consumidor de la Uni\u00f3n Europea, se beneficiar\u00e1 de las disposiciones obligatorias de la legislaci\u00f3n del pa\u00eds en el que reside.<\/p>\n\n\n\n<h2 class=\"wp-block-heading\">Cumplimiento legal de los Estados Unidos<\/h2>\n\n\n\n<p>Usted declara y garantiza que (i) no se encuentra en un pa\u00eds sujeto al embargo del gobierno de los Estados Unidos, o que haya sido designado por el gobierno de los Estados Unidos como un pa\u00eds que apoya el terrorismo, y (ii) no figura en ninguna lista del gobierno de los Estados Unidos de personas prohibidas o restringidas.<\/p>\n\n\n\n<h2 class=\"wp-block-heading\">Divisibilidad y renuncia<\/h2>\n\n\n\n<h3 class=\"wp-block-heading\">Divisibilidad<\/h3>\n\n\n\n<p>Si alguna disposici\u00f3n de estos T\u00e9rminos se considera inaplicable o inv\u00e1lida, dicha disposici\u00f3n se modificar\u00e1 e interpretar\u00e1 para lograr los objetivos de la misma en la mayor medida posible seg\u00fan la ley aplicable, y las disposiciones restantes continuar\u00e1n en pleno vigor y efecto.<\/p>\n\n\n\n<h3 class=\"wp-block-heading\">Exenci\u00f3n<\/h3>\n\n\n\n<p>Salvo lo dispuesto en el presente documento, la falta de ejercicio de un derecho o de exigencia del cumplimiento de una obligaci\u00f3n en virtud de estos T\u00e9rminos no afectar\u00e1 la capacidad de una parte para ejercer dicho derecho o exigir dicho cumplimiento en cualquier momento posterior, ni la renuncia a un incumplimiento constituir\u00e1 una renuncia a cualquier incumplimiento posterior.<\/p>\n\n\n\n<h2 class=\"wp-block-heading\">Traducci\u00f3n e interpretaci\u00f3n<\/h2>\n\n\n\n<p>Estos T\u00e9rminos y Condiciones pueden haber sido traducidos si los hemos puesto a su disposici\u00f3n en nuestro Servicio. Usted acepta que, en caso de disputa, prevalecer\u00e1 el texto original en ingl\u00e9s.<\/p>\n\n\n\n<h2 class=\"wp-block-heading\">Modificaciones a estos T\u00e9rminos y Condiciones<\/h2>\n\n\n\n<p>Nos reservamos el derecho, a nuestra entera discreci\u00f3n, de modificar o reemplazar estos T\u00e9rminos en cualquier momento. Si la modificaci\u00f3n es sustancial, haremos todo lo posible por notificarle con al menos 30 d\u00edas de antelaci\u00f3n antes de que entren en vigor los nuevos t\u00e9rminos. Lo que constituye un cambio sustancial se determinar\u00e1 a nuestra entera discreci\u00f3n.<\/p>\n\n\n\n<p>Al continuar accediendo o utilizando nuestro Servicio despu\u00e9s de que dichas revisiones entren en vigor, usted acepta regirse por los t\u00e9rminos revisados. Si no est\u00e1 de acuerdo con los nuevos t\u00e9rminos, en su totalidad o en parte, deje de usar el sitio web y el Servicio.<\/p>\n\n\n\n<h2 class=\"wp-block-heading\">Cont\u00e1ctenos<\/h2>\n\n\n\n<p>Si tiene alguna pregunta sobre estos T\u00e9rminos y Condiciones, puede ponerse en contacto con nosotros:<\/p>\n\n\n\n<ul class=\"wp-block-list\">\n<li>Al visitar esta p\u00e1gina de nuestro sitio web: <a href=\"https:\/\/hancarbon.com\/es\/contact\/\" target=\"_blank\" rel=\"noreferrer noopener\">https:\/\/hancarbon.com\/contact\/<\/a><\/li>\n<\/ul>","protected":false},"excerpt":{"rendered":"<p>Terms and Conditions Please read these terms and conditions carefully before using Our Service. Interpretation and Definitions Interpretation The words whose initial letters are capitalized have meanings defined under the following conditions. The following definitions shall have the same meaning regardless of whether they appear in singular or in plural. Definitions For the purposes of&hellip;<\/p>","protected":false},"author":1,"featured_media":0,"parent":0,"menu_order":40,"comment_status":"closed","ping_status":"closed","template":"","meta":{"footnotes":""},"class_list":["post-5475","page","type-page","status-publish","hentry","description-off"],"yoast_head":"<!-- This site is optimized with the Yoast SEO plugin v27.2 - https:\/\/yoast.com\/product\/yoast-seo-wordpress\/ -->\n<title>UHP HP Graphite Electrodes Manufacturer | Hancarbon<\/title>\n<meta name=\"description\" content=\"Are you looking for best graphite electrodes factory? We are the reliable partner manufacturer.\" \/>\n<meta name=\"robots\" content=\"index, follow, max-snippet:-1, max-image-preview:large, max-video-preview:-1\" \/>\n<link rel=\"canonical\" href=\"https:\/\/hancarbon.com\/es\/terms-conditions\/\" \/>\n<meta property=\"og:locale\" content=\"es_ES\" \/>\n<meta property=\"og:type\" content=\"article\" \/>\n<meta property=\"og:title\" content=\"UHP HP Graphite Electrodes Manufacturer | Hancarbon\" \/>\n<meta property=\"og:description\" content=\"Are you looking for best graphite electrodes factory? We are the reliable partner manufacturer.\" \/>\n<meta property=\"og:url\" content=\"https:\/\/hancarbon.com\/es\/terms-conditions\/\" \/>\n<meta property=\"og:site_name\" content=\"Hancarbon\" \/>\n<meta property=\"article:modified_time\" content=\"2025-12-01T10:03:00+00:00\" \/>\n<meta name=\"twitter:card\" content=\"summary_large_image\" \/>\n<meta name=\"twitter:label1\" content=\"Tiempo de lectura\" \/>\n\t<meta name=\"twitter:data1\" content=\"8 minutos\" \/>\n<script type=\"application\/ld+json\" class=\"yoast-schema-graph\">{\"@context\":\"https:\/\/schema.org\",\"@graph\":[{\"@type\":\"WebPage\",\"@id\":\"https:\/\/hancarbon.com\/terms-conditions\/\",\"url\":\"https:\/\/hancarbon.com\/terms-conditions\/\",\"name\":\"UHP HP Graphite Electrodes Manufacturer | Hancarbon\",\"isPartOf\":{\"@id\":\"https:\/\/hancarbon.com\/#website\"},\"datePublished\":\"2021-10-01T13:01:38+00:00\",\"dateModified\":\"2025-12-01T10:03:00+00:00\",\"description\":\"Are you looking for best graphite electrodes factory? We are the reliable partner manufacturer.\",\"breadcrumb\":{\"@id\":\"https:\/\/hancarbon.com\/terms-conditions\/#breadcrumb\"},\"inLanguage\":\"es\",\"potentialAction\":[{\"@type\":\"ReadAction\",\"target\":[\"https:\/\/hancarbon.com\/terms-conditions\/\"]}]},{\"@type\":\"BreadcrumbList\",\"@id\":\"https:\/\/hancarbon.com\/terms-conditions\/#breadcrumb\",\"itemListElement\":[{\"@type\":\"ListItem\",\"position\":1,\"name\":\"Home\",\"item\":\"https:\/\/hancarbon.com\/\"},{\"@type\":\"ListItem\",\"position\":2,\"name\":\"Terms &#038; conditions\"}]},{\"@type\":\"WebSite\",\"@id\":\"https:\/\/hancarbon.com\/#website\",\"url\":\"https:\/\/hancarbon.com\/\",\"name\":\"Hancarbon\",\"description\":\"\",\"publisher\":{\"@id\":\"https:\/\/hancarbon.com\/#organization\"},\"potentialAction\":[{\"@type\":\"SearchAction\",\"target\":{\"@type\":\"EntryPoint\",\"urlTemplate\":\"https:\/\/hancarbon.com\/?s={search_term_string}\"},\"query-input\":{\"@type\":\"PropertyValueSpecification\",\"valueRequired\":true,\"valueName\":\"search_term_string\"}}],\"inLanguage\":\"es\"},{\"@type\":\"Organization\",\"@id\":\"https:\/\/hancarbon.com\/#organization\",\"name\":\"Hancarbon\",\"url\":\"https:\/\/hancarbon.com\/\",\"logo\":{\"@type\":\"ImageObject\",\"inLanguage\":\"es\",\"@id\":\"https:\/\/hancarbon.com\/#\/schema\/logo\/image\/\",\"url\":\"https:\/\/hancarbon.com\/wp-content\/uploads\/2024\/10\/1-1.png\",\"contentUrl\":\"https:\/\/hancarbon.com\/wp-content\/uploads\/2024\/10\/1-1.png\",\"width\":300,\"height\":73,\"caption\":\"Hancarbon\"},\"image\":{\"@id\":\"https:\/\/hancarbon.com\/#\/schema\/logo\/image\/\"}}]}<\/script>\n<!-- \/ Yoast SEO plugin. -->","yoast_head_json":{"title":"UHP HP Graphite Electrodes Manufacturer | Hancarbon","description":"Are you looking for best graphite electrodes factory? We are the reliable partner manufacturer.","robots":{"index":"index","follow":"follow","max-snippet":"max-snippet:-1","max-image-preview":"max-image-preview:large","max-video-preview":"max-video-preview:-1"},"canonical":"https:\/\/hancarbon.com\/es\/terms-conditions\/","og_locale":"es_ES","og_type":"article","og_title":"UHP HP Graphite Electrodes Manufacturer | Hancarbon","og_description":"Are you looking for best graphite electrodes factory? We are the reliable partner manufacturer.","og_url":"https:\/\/hancarbon.com\/es\/terms-conditions\/","og_site_name":"Hancarbon","article_modified_time":"2025-12-01T10:03:00+00:00","twitter_card":"summary_large_image","twitter_misc":{"Tiempo de lectura":"8 minutos"},"schema":{"@context":"https:\/\/schema.org","@graph":[{"@type":"WebPage","@id":"https:\/\/hancarbon.com\/terms-conditions\/","url":"https:\/\/hancarbon.com\/terms-conditions\/","name":"UHP HP Graphite Electrodes Manufacturer | Hancarbon","isPartOf":{"@id":"https:\/\/hancarbon.com\/#website"},"datePublished":"2021-10-01T13:01:38+00:00","dateModified":"2025-12-01T10:03:00+00:00","description":"Are you looking for best graphite electrodes factory? We are the reliable partner manufacturer.","breadcrumb":{"@id":"https:\/\/hancarbon.com\/terms-conditions\/#breadcrumb"},"inLanguage":"es","potentialAction":[{"@type":"ReadAction","target":["https:\/\/hancarbon.com\/terms-conditions\/"]}]},{"@type":"BreadcrumbList","@id":"https:\/\/hancarbon.com\/terms-conditions\/#breadcrumb","itemListElement":[{"@type":"ListItem","position":1,"name":"Home","item":"https:\/\/hancarbon.com\/"},{"@type":"ListItem","position":2,"name":"Terms &#038; conditions"}]},{"@type":"WebSite","@id":"https:\/\/hancarbon.com\/#website","url":"https:\/\/hancarbon.com\/","name":"Hancarbon","description":"","publisher":{"@id":"https:\/\/hancarbon.com\/#organization"},"potentialAction":[{"@type":"SearchAction","target":{"@type":"EntryPoint","urlTemplate":"https:\/\/hancarbon.com\/?s={search_term_string}"},"query-input":{"@type":"PropertyValueSpecification","valueRequired":true,"valueName":"search_term_string"}}],"inLanguage":"es"},{"@type":"Organization","@id":"https:\/\/hancarbon.com\/#organization","name":"Hancarbon","url":"https:\/\/hancarbon.com\/","logo":{"@type":"ImageObject","inLanguage":"es","@id":"https:\/\/hancarbon.com\/#\/schema\/logo\/image\/","url":"https:\/\/hancarbon.com\/wp-content\/uploads\/2024\/10\/1-1.png","contentUrl":"https:\/\/hancarbon.com\/wp-content\/uploads\/2024\/10\/1-1.png","width":300,"height":73,"caption":"Hancarbon"},"image":{"@id":"https:\/\/hancarbon.com\/#\/schema\/logo\/image\/"}}]}},"_links":{"self":[{"href":"https:\/\/hancarbon.com\/es\/wp-json\/wp\/v2\/pages\/5475","targetHints":{"allow":["GET"]}}],"collection":[{"href":"https:\/\/hancarbon.com\/es\/wp-json\/wp\/v2\/pages"}],"about":[{"href":"https:\/\/hancarbon.com\/es\/wp-json\/wp\/v2\/types\/page"}],"author":[{"embeddable":true,"href":"https:\/\/hancarbon.com\/es\/wp-json\/wp\/v2\/users\/1"}],"replies":[{"embeddable":true,"href":"https:\/\/hancarbon.com\/es\/wp-json\/wp\/v2\/comments?post=5475"}],"version-history":[{"count":7,"href":"https:\/\/hancarbon.com\/es\/wp-json\/wp\/v2\/pages\/5475\/revisions"}],"predecessor-version":[{"id":12448,"href":"https:\/\/hancarbon.com\/es\/wp-json\/wp\/v2\/pages\/5475\/revisions\/12448"}],"wp:attachment":[{"href":"https:\/\/hancarbon.com\/es\/wp-json\/wp\/v2\/media?parent=5475"}],"curies":[{"name":"wp","href":"https:\/\/api.w.org\/{rel}","templated":true}]}}